{"id":12,"date":"2025-05-15T14:18:40","date_gmt":"2025-05-15T14:18:40","guid":{"rendered":"https:\/\/bytymikulov.cz\/?page_id=12"},"modified":"2025-10-08T21:11:37","modified_gmt":"2025-10-08T21:11:37","slug":"home","status":"publish","type":"page","link":"https:\/\/bytymikulov.cz\/en\/","title":{"rendered":"HOME"},"content":{"rendered":"","protected":false},"excerpt":{"rendered":"","protected":false},"author":1,"featured_media":0,"parent":0,"menu_order":0,"comment_status":"closed","ping_status":"closed","template":"","meta":{"_acf_changed":false,"footnotes":""},"class_list":["post-12","page","type-page","status-publish","hentry"],"acf":[],"yoast_head":"<!-- This site is optimized with the Yoast SEO plugin v27.5 - https:\/\/yoast.com\/product\/yoast-seo-wordpress\/ -->\n<title>BYTY MIKULOV - nejv\u011bt\u0161\u00ed developer v kraji v\u00edna<\/title>\n<meta name=\"description\" content=\"V\u011bt\u0161ina developersk\u00fdch projekt\u016f se stav\u00ed s c\u00edlem co nejv\u00edce \u201eu\u0161et\u0159it\u201c a to opravdu na v\u0161em. V BYTY MIKULOV jdeme proti proudu t\u011bchto my\u0161lenek. Hl\u00edd\u00e1me si a trv\u00e1me na precizn\u00edm proveden\u00ed od prvn\u00edho z\u00e1kladu, a\u017e po dokon\u010den\u00ed, od prvn\u00edho h\u0159eb\u00edku, a\u017e po fin\u00e1ln\u00ed p\u0159ed\u00e1n\u00ed.\" \/>\n<meta name=\"robots\" content=\"index, follow, max-snippet:-1, max-image-preview:large, max-video-preview:-1\" \/>\n<link rel=\"canonical\" href=\"https:\/\/bytymikulov.cz\/en\/\" \/>\n<meta property=\"og:locale\" content=\"en_GB\" \/>\n<meta property=\"og:type\" content=\"article\" \/>\n<meta property=\"og:title\" content=\"BYTY MIKULOV - nejv\u011bt\u0161\u00ed developer v kraji v\u00edna\" \/>\n<meta property=\"og:description\" content=\"V\u011bt\u0161ina developersk\u00fdch projekt\u016f se stav\u00ed s c\u00edlem co nejv\u00edce \u201eu\u0161et\u0159it\u201c a to opravdu na v\u0161em. V BYTY MIKULOV jdeme proti proudu t\u011bchto my\u0161lenek. Hl\u00edd\u00e1me si a trv\u00e1me na precizn\u00edm proveden\u00ed od prvn\u00edho z\u00e1kladu, a\u017e po dokon\u010den\u00ed, od prvn\u00edho h\u0159eb\u00edku, a\u017e po fin\u00e1ln\u00ed p\u0159ed\u00e1n\u00ed.\" \/>\n<meta property=\"og:url\" content=\"https:\/\/bytymikulov.cz\/en\/\" \/>\n<meta property=\"og:site_name\" content=\"BYTY MIKULOV\" \/>\n<meta property=\"article:publisher\" content=\"https:\/\/www.facebook.com\/bytymikulov\" \/>\n<meta property=\"article:modified_time\" content=\"2025-10-08T21:11:37+00:00\" \/>\n<meta property=\"og:image\" content=\"https:\/\/bytymikulov.cz\/wp-content\/uploads\/2025\/05\/logo-BYTYMIKULOV-square.webp\" \/>\n\t<meta property=\"og:image:width\" content=\"512\" \/>\n\t<meta property=\"og:image:height\" content=\"512\" \/>\n\t<meta property=\"og:image:type\" content=\"image\/webp\" \/>\n<meta name=\"twitter:card\" content=\"summary_large_image\" \/>\n<meta name=\"twitter:label1\" content=\"Estimated reading time\" \/>\n\t<meta name=\"twitter:data1\" content=\"4 minutes\" \/>\n<script type=\"application\/ld+json\" class=\"yoast-schema-graph\">{\"@context\":\"https:\\\/\\\/schema.org\",\"@graph\":[{\"@type\":\"WebPage\",\"@id\":\"https:\\\/\\\/bytymikulov.cz\\\/\",\"url\":\"https:\\\/\\\/bytymikulov.cz\\\/\",\"name\":\"BYTY MIKULOV - nejv\u011bt\u0161\u00ed developer v kraji v\u00edna\",\"isPartOf\":{\"@id\":\"https:\\\/\\\/bytymikulov.cz\\\/#website\"},\"datePublished\":\"2025-05-15T14:18:40+00:00\",\"dateModified\":\"2025-10-08T21:11:37+00:00\",\"description\":\"V\u011bt\u0161ina developersk\u00fdch projekt\u016f se stav\u00ed s c\u00edlem co nejv\u00edce \u201eu\u0161et\u0159it\u201c a to opravdu na v\u0161em. V BYTY MIKULOV jdeme proti proudu t\u011bchto my\u0161lenek. Hl\u00edd\u00e1me si a trv\u00e1me na precizn\u00edm proveden\u00ed od prvn\u00edho z\u00e1kladu, a\u017e po dokon\u010den\u00ed, od prvn\u00edho h\u0159eb\u00edku, a\u017e po fin\u00e1ln\u00ed p\u0159ed\u00e1n\u00ed.\",\"breadcrumb\":{\"@id\":\"https:\\\/\\\/bytymikulov.cz\\\/#breadcrumb\"},\"inLanguage\":\"en-GB\",\"potentialAction\":[{\"@type\":\"ReadAction\",\"target\":[\"https:\\\/\\\/bytymikulov.cz\\\/\"]}]},{\"@type\":\"BreadcrumbList\",\"@id\":\"https:\\\/\\\/bytymikulov.cz\\\/#breadcrumb\",\"itemListElement\":[{\"@type\":\"ListItem\",\"position\":1,\"name\":\"Dom\u016f\",\"item\":\"https:\\\/\\\/bytymikulov.cz\\\/\"},{\"@type\":\"ListItem\",\"position\":2,\"name\":\"HOME\"}]},{\"@type\":\"WebSite\",\"@id\":\"https:\\\/\\\/bytymikulov.cz\\\/#website\",\"url\":\"https:\\\/\\\/bytymikulov.cz\\\/\",\"name\":\"BYTY MIKULOV\",\"description\":\"stylov\u00e9 bydlen\u00ed v Mikulov\u011b\",\"publisher\":{\"@id\":\"https:\\\/\\\/bytymikulov.cz\\\/#organization\"},\"potentialAction\":[{\"@type\":\"SearchAction\",\"target\":{\"@type\":\"EntryPoint\",\"urlTemplate\":\"https:\\\/\\\/bytymikulov.cz\\\/?s={search_term_string}\"},\"query-input\":{\"@type\":\"PropertyValueSpecification\",\"valueRequired\":true,\"valueName\":\"search_term_string\"}}],\"inLanguage\":\"en-GB\"},{\"@type\":\"Organization\",\"@id\":\"https:\\\/\\\/bytymikulov.cz\\\/#organization\",\"name\":\"BYTY MIKULOV\",\"url\":\"https:\\\/\\\/bytymikulov.cz\\\/\",\"logo\":{\"@type\":\"ImageObject\",\"inLanguage\":\"en-GB\",\"@id\":\"https:\\\/\\\/bytymikulov.cz\\\/#\\\/schema\\\/logo\\\/image\\\/\",\"url\":\"https:\\\/\\\/bytymikulov.cz\\\/wp-content\\\/uploads\\\/2025\\\/05\\\/logo-BYTYMIKULOV-square.webp\",\"contentUrl\":\"https:\\\/\\\/bytymikulov.cz\\\/wp-content\\\/uploads\\\/2025\\\/05\\\/logo-BYTYMIKULOV-square.webp\",\"width\":512,\"height\":512,\"caption\":\"BYTY MIKULOV\"},\"image\":{\"@id\":\"https:\\\/\\\/bytymikulov.cz\\\/#\\\/schema\\\/logo\\\/image\\\/\"},\"sameAs\":[\"https:\\\/\\\/www.facebook.com\\\/bytymikulov\",\"https:\\\/\\\/www.instagram.com\\\/byty_mikulov\\\/\"]}]}<\/script>\n<!-- \/ Yoast SEO plugin. -->","yoast_head_json":{"title":"BYTY MIKULOV - nejv\u011bt\u0161\u00ed developer v kraji v\u00edna","description":"Most development projects are built with the aim of \"saving\" as much as possible, and that's really all. At BYTY MIKULOV we go against the flow of these ideas. We take care of ourselves and insist on precise execution from the first foundation to completion, from the first nail to the final handover.","robots":{"index":"index","follow":"follow","max-snippet":"max-snippet:-1","max-image-preview":"max-image-preview:large","max-video-preview":"max-video-preview:-1"},"canonical":"https:\/\/bytymikulov.cz\/en\/","og_locale":"en_GB","og_type":"article","og_title":"BYTY MIKULOV - nejv\u011bt\u0161\u00ed developer v kraji v\u00edna","og_description":"V\u011bt\u0161ina developersk\u00fdch projekt\u016f se stav\u00ed s c\u00edlem co nejv\u00edce \u201eu\u0161et\u0159it\u201c a to opravdu na v\u0161em. V BYTY MIKULOV jdeme proti proudu t\u011bchto my\u0161lenek. Hl\u00edd\u00e1me si a trv\u00e1me na precizn\u00edm proveden\u00ed od prvn\u00edho z\u00e1kladu, a\u017e po dokon\u010den\u00ed, od prvn\u00edho h\u0159eb\u00edku, a\u017e po fin\u00e1ln\u00ed p\u0159ed\u00e1n\u00ed.","og_url":"https:\/\/bytymikulov.cz\/en\/","og_site_name":"BYTY MIKULOV","article_publisher":"https:\/\/www.facebook.com\/bytymikulov","article_modified_time":"2025-10-08T21:11:37+00:00","og_image":[{"width":512,"height":512,"url":"https:\/\/bytymikulov.cz\/wp-content\/uploads\/2025\/05\/logo-BYTYMIKULOV-square.webp","type":"image\/webp"}],"twitter_card":"summary_large_image","twitter_misc":{"Estimated reading time":"4 minutes"},"schema":{"@context":"https:\/\/schema.org","@graph":[{"@type":"WebPage","@id":"https:\/\/bytymikulov.cz\/","url":"https:\/\/bytymikulov.cz\/","name":"BYTY MIKULOV - nejv\u011bt\u0161\u00ed developer v kraji v\u00edna","isPartOf":{"@id":"https:\/\/bytymikulov.cz\/#website"},"datePublished":"2025-05-15T14:18:40+00:00","dateModified":"2025-10-08T21:11:37+00:00","description":"Most development projects are built with the aim of \"saving\" as much as possible, and that's really all. At BYTY MIKULOV we go against the flow of these ideas. We take care of ourselves and insist on precise execution from the first foundation to completion, from the first nail to the final handover.","breadcrumb":{"@id":"https:\/\/bytymikulov.cz\/#breadcrumb"},"inLanguage":"en-GB","potentialAction":[{"@type":"ReadAction","target":["https:\/\/bytymikulov.cz\/"]}]},{"@type":"BreadcrumbList","@id":"https:\/\/bytymikulov.cz\/#breadcrumb","itemListElement":[{"@type":"ListItem","position":1,"name":"Dom\u016f","item":"https:\/\/bytymikulov.cz\/"},{"@type":"ListItem","position":2,"name":"HOME"}]},{"@type":"WebSite","@id":"https:\/\/bytymikulov.cz\/#website","url":"https:\/\/bytymikulov.cz\/","name":"BYTY MIKULOV","description":"stylov\u00e9 bydlen\u00ed v Mikulov\u011b","publisher":{"@id":"https:\/\/bytymikulov.cz\/#organization"},"potentialAction":[{"@type":"SearchAction","target":{"@type":"EntryPoint","urlTemplate":"https:\/\/bytymikulov.cz\/?s={search_term_string}"},"query-input":{"@type":"PropertyValueSpecification","valueRequired":true,"valueName":"search_term_string"}}],"inLanguage":"en-GB"},{"@type":"Organization","@id":"https:\/\/bytymikulov.cz\/#organization","name":"BYTY MIKULOV","url":"https:\/\/bytymikulov.cz\/","logo":{"@type":"ImageObject","inLanguage":"en-GB","@id":"https:\/\/bytymikulov.cz\/#\/schema\/logo\/image\/","url":"https:\/\/bytymikulov.cz\/wp-content\/uploads\/2025\/05\/logo-BYTYMIKULOV-square.webp","contentUrl":"https:\/\/bytymikulov.cz\/wp-content\/uploads\/2025\/05\/logo-BYTYMIKULOV-square.webp","width":512,"height":512,"caption":"BYTY MIKULOV"},"image":{"@id":"https:\/\/bytymikulov.cz\/#\/schema\/logo\/image\/"},"sameAs":["https:\/\/www.facebook.com\/bytymikulov","https:\/\/www.instagram.com\/byty_mikulov\/"]}]}},"_links":{"self":[{"href":"https:\/\/bytymikulov.cz\/en\/wp-json\/wp\/v2\/pages\/12","targetHints":{"allow":["GET"]}}],"collection":[{"href":"https:\/\/bytymikulov.cz\/en\/wp-json\/wp\/v2\/pages"}],"about":[{"href":"https:\/\/bytymikulov.cz\/en\/wp-json\/wp\/v2\/types\/page"}],"author":[{"embeddable":true,"href":"https:\/\/bytymikulov.cz\/en\/wp-json\/wp\/v2\/users\/1"}],"replies":[{"embeddable":true,"href":"https:\/\/bytymikulov.cz\/en\/wp-json\/wp\/v2\/comments?post=12"}],"version-history":[{"count":100,"href":"https:\/\/bytymikulov.cz\/en\/wp-json\/wp\/v2\/pages\/12\/revisions"}],"predecessor-version":[{"id":1053,"href":"https:\/\/bytymikulov.cz\/en\/wp-json\/wp\/v2\/pages\/12\/revisions\/1053"}],"wp:attachment":[{"href":"https:\/\/bytymikulov.cz\/en\/wp-json\/wp\/v2\/media?parent=12"}],"curies":[{"name":"wp","href":"https:\/\/api.w.org\/{rel}","templated":true}]}}