{"id":9,"date":"2025-05-19T15:31:31","date_gmt":"2025-05-19T13:31:31","guid":{"rendered":"https:\/\/bytymikulov.cz\/speicher\/?page_id=9"},"modified":"2025-10-08T23:44:37","modified_gmt":"2025-10-08T21:44:37","slug":"home","status":"publish","type":"page","link":"https:\/\/bytymikulov.cz\/speicher\/","title":{"rendered":"HOME"},"content":{"rendered":"","protected":false},"excerpt":{"rendered":"","protected":false},"author":1,"featured_media":0,"parent":0,"menu_order":0,"comment_status":"closed","ping_status":"closed","template":"","meta":{"_acf_changed":false,"footnotes":""},"class_list":["post-9","page","type-page","status-publish","hentry"],"acf":[],"yoast_head":"<!-- This site is optimized with the Yoast SEO plugin v27.5 - https:\/\/yoast.com\/product\/yoast-seo-wordpress\/ -->\n<title>Speicher 1826 - nov\u00e9 bydlen\u00ed v Mikulov\u011b<\/title>\n<meta name=\"description\" content=\"Projekt SPEICHER 1826 znamen\u00e1 designov\u011b rafinovan\u00e9, p\u0159esto tradi\u010dn\u00ed stylov\u00e9 bydleni v srdci Mikulova na Morav\u011b, na mist\u011b p\u016fvodn\u00ed historick\u00e9 obilnice (SPEICHER) z roku 1826. Rezidenci tvo\u0159\u00ed t\u0159i zabezpe\u010den\u00e9 objekty s 59 jedine\u010dn\u00fdmi byty.\" \/>\n<meta name=\"robots\" content=\"index, follow, max-snippet:-1, max-image-preview:large, max-video-preview:-1\" \/>\n<link rel=\"canonical\" href=\"https:\/\/bytymikulov.cz\/speicher\/\" \/>\n<meta property=\"og:locale\" content=\"cs_CZ\" \/>\n<meta property=\"og:type\" content=\"article\" \/>\n<meta property=\"og:title\" content=\"Speicher 1826 - nov\u00e9 bydlen\u00ed v Mikulov\u011b\" \/>\n<meta property=\"og:description\" content=\"Projekt SPEICHER 1826 znamen\u00e1 designov\u011b rafinovan\u00e9, p\u0159esto tradi\u010dn\u00ed stylov\u00e9 bydleni v srdci Mikulova na Morav\u011b, na mist\u011b p\u016fvodn\u00ed historick\u00e9 obilnice (SPEICHER) z roku 1826. Rezidenci tvo\u0159\u00ed t\u0159i zabezpe\u010den\u00e9 objekty s 59 jedine\u010dn\u00fdmi byty.\" \/>\n<meta property=\"og:url\" content=\"https:\/\/bytymikulov.cz\/speicher\/\" \/>\n<meta property=\"og:site_name\" content=\"Speicher 1826\" \/>\n<meta property=\"article:modified_time\" content=\"2025-10-08T21:44:37+00:00\" \/>\n<meta property=\"og:image\" content=\"https:\/\/bytymikulov.cz\/speicher\/wp-content\/uploads\/sites\/2\/2025\/05\/FAVICON-gray.webp\" \/>\n\t<meta property=\"og:image:width\" content=\"512\" \/>\n\t<meta property=\"og:image:height\" content=\"512\" \/>\n\t<meta property=\"og:image:type\" content=\"image\/webp\" \/>\n<meta name=\"twitter:card\" content=\"summary_large_image\" \/>\n<meta name=\"twitter:label1\" content=\"Odhadovan\u00e1 doba \u010dten\u00ed\" \/>\n\t<meta name=\"twitter:data1\" content=\"6 minut\" \/>\n<script type=\"application\/ld+json\" class=\"yoast-schema-graph\">{\"@context\":\"https:\\\/\\\/schema.org\",\"@graph\":[{\"@type\":\"WebPage\",\"@id\":\"https:\\\/\\\/bytymikulov.cz\\\/speicher\\\/\",\"url\":\"https:\\\/\\\/bytymikulov.cz\\\/speicher\\\/\",\"name\":\"Speicher 1826 - nov\u00e9 bydlen\u00ed v Mikulov\u011b\",\"isPartOf\":{\"@id\":\"https:\\\/\\\/bytymikulov.cz\\\/speicher\\\/#website\"},\"datePublished\":\"2025-05-19T13:31:31+00:00\",\"dateModified\":\"2025-10-08T21:44:37+00:00\",\"description\":\"Projekt SPEICHER 1826 znamen\u00e1 designov\u011b rafinovan\u00e9, p\u0159esto tradi\u010dn\u00ed stylov\u00e9 bydleni v srdci Mikulova na Morav\u011b, na mist\u011b p\u016fvodn\u00ed historick\u00e9 obilnice (SPEICHER) z roku 1826. Rezidenci tvo\u0159\u00ed t\u0159i zabezpe\u010den\u00e9 objekty s 59 jedine\u010dn\u00fdmi byty.\",\"breadcrumb\":{\"@id\":\"https:\\\/\\\/bytymikulov.cz\\\/speicher\\\/#breadcrumb\"},\"inLanguage\":\"cs\",\"potentialAction\":[{\"@type\":\"ReadAction\",\"target\":[\"https:\\\/\\\/bytymikulov.cz\\\/speicher\\\/\"]}]},{\"@type\":\"BreadcrumbList\",\"@id\":\"https:\\\/\\\/bytymikulov.cz\\\/speicher\\\/#breadcrumb\",\"itemListElement\":[{\"@type\":\"ListItem\",\"position\":1,\"name\":\"Dom\u016f\",\"item\":\"https:\\\/\\\/bytymikulov.cz\\\/speicher\\\/\"},{\"@type\":\"ListItem\",\"position\":2,\"name\":\"HOME\"}]},{\"@type\":\"WebSite\",\"@id\":\"https:\\\/\\\/bytymikulov.cz\\\/speicher\\\/#website\",\"url\":\"https:\\\/\\\/bytymikulov.cz\\\/speicher\\\/\",\"name\":\"Speicher 1826\",\"description\":\"bydlen\u00ed v Mikulov\u011b\",\"publisher\":{\"@id\":\"https:\\\/\\\/bytymikulov.cz\\\/speicher\\\/#organization\"},\"potentialAction\":[{\"@type\":\"SearchAction\",\"target\":{\"@type\":\"EntryPoint\",\"urlTemplate\":\"https:\\\/\\\/bytymikulov.cz\\\/speicher\\\/?s={search_term_string}\"},\"query-input\":{\"@type\":\"PropertyValueSpecification\",\"valueRequired\":true,\"valueName\":\"search_term_string\"}}],\"inLanguage\":\"cs\"},{\"@type\":\"Organization\",\"@id\":\"https:\\\/\\\/bytymikulov.cz\\\/speicher\\\/#organization\",\"name\":\"BYTY MIKULOV\",\"url\":\"https:\\\/\\\/bytymikulov.cz\\\/speicher\\\/\",\"logo\":{\"@type\":\"ImageObject\",\"inLanguage\":\"cs\",\"@id\":\"https:\\\/\\\/bytymikulov.cz\\\/speicher\\\/#\\\/schema\\\/logo\\\/image\\\/\",\"url\":\"https:\\\/\\\/bytymikulov.cz\\\/speicher\\\/wp-content\\\/uploads\\\/sites\\\/2\\\/2025\\\/05\\\/FAVICON-gray.webp\",\"contentUrl\":\"https:\\\/\\\/bytymikulov.cz\\\/speicher\\\/wp-content\\\/uploads\\\/sites\\\/2\\\/2025\\\/05\\\/FAVICON-gray.webp\",\"width\":512,\"height\":512,\"caption\":\"BYTY MIKULOV\"},\"image\":{\"@id\":\"https:\\\/\\\/bytymikulov.cz\\\/speicher\\\/#\\\/schema\\\/logo\\\/image\\\/\"}}]}<\/script>\n<!-- \/ Yoast SEO plugin. -->","yoast_head_json":{"title":"Speicher 1826 - nov\u00e9 bydlen\u00ed v Mikulov\u011b","description":"Projekt SPEICHER 1826 znamen\u00e1 designov\u011b rafinovan\u00e9, p\u0159esto tradi\u010dn\u00ed stylov\u00e9 bydleni v srdci Mikulova na Morav\u011b, na mist\u011b p\u016fvodn\u00ed historick\u00e9 obilnice (SPEICHER) z roku 1826. Rezidenci tvo\u0159\u00ed t\u0159i zabezpe\u010den\u00e9 objekty s 59 jedine\u010dn\u00fdmi byty.","robots":{"index":"index","follow":"follow","max-snippet":"max-snippet:-1","max-image-preview":"max-image-preview:large","max-video-preview":"max-video-preview:-1"},"canonical":"https:\/\/bytymikulov.cz\/speicher\/","og_locale":"cs_CZ","og_type":"article","og_title":"Speicher 1826 - nov\u00e9 bydlen\u00ed v Mikulov\u011b","og_description":"Projekt SPEICHER 1826 znamen\u00e1 designov\u011b rafinovan\u00e9, p\u0159esto tradi\u010dn\u00ed stylov\u00e9 bydleni v srdci Mikulova na Morav\u011b, na mist\u011b p\u016fvodn\u00ed historick\u00e9 obilnice (SPEICHER) z roku 1826. Rezidenci tvo\u0159\u00ed t\u0159i zabezpe\u010den\u00e9 objekty s 59 jedine\u010dn\u00fdmi byty.","og_url":"https:\/\/bytymikulov.cz\/speicher\/","og_site_name":"Speicher 1826","article_modified_time":"2025-10-08T21:44:37+00:00","og_image":[{"width":512,"height":512,"url":"https:\/\/bytymikulov.cz\/speicher\/wp-content\/uploads\/sites\/2\/2025\/05\/FAVICON-gray.webp","type":"image\/webp"}],"twitter_card":"summary_large_image","twitter_misc":{"Odhadovan\u00e1 doba \u010dten\u00ed":"6 minut"},"schema":{"@context":"https:\/\/schema.org","@graph":[{"@type":"WebPage","@id":"https:\/\/bytymikulov.cz\/speicher\/","url":"https:\/\/bytymikulov.cz\/speicher\/","name":"Speicher 1826 - nov\u00e9 bydlen\u00ed v Mikulov\u011b","isPartOf":{"@id":"https:\/\/bytymikulov.cz\/speicher\/#website"},"datePublished":"2025-05-19T13:31:31+00:00","dateModified":"2025-10-08T21:44:37+00:00","description":"Projekt SPEICHER 1826 znamen\u00e1 designov\u011b rafinovan\u00e9, p\u0159esto tradi\u010dn\u00ed stylov\u00e9 bydleni v srdci Mikulova na Morav\u011b, na mist\u011b p\u016fvodn\u00ed historick\u00e9 obilnice (SPEICHER) z roku 1826. Rezidenci tvo\u0159\u00ed t\u0159i zabezpe\u010den\u00e9 objekty s 59 jedine\u010dn\u00fdmi byty.","breadcrumb":{"@id":"https:\/\/bytymikulov.cz\/speicher\/#breadcrumb"},"inLanguage":"cs","potentialAction":[{"@type":"ReadAction","target":["https:\/\/bytymikulov.cz\/speicher\/"]}]},{"@type":"BreadcrumbList","@id":"https:\/\/bytymikulov.cz\/speicher\/#breadcrumb","itemListElement":[{"@type":"ListItem","position":1,"name":"Dom\u016f","item":"https:\/\/bytymikulov.cz\/speicher\/"},{"@type":"ListItem","position":2,"name":"HOME"}]},{"@type":"WebSite","@id":"https:\/\/bytymikulov.cz\/speicher\/#website","url":"https:\/\/bytymikulov.cz\/speicher\/","name":"Speicher 1826","description":"bydlen\u00ed v Mikulov\u011b","publisher":{"@id":"https:\/\/bytymikulov.cz\/speicher\/#organization"},"potentialAction":[{"@type":"SearchAction","target":{"@type":"EntryPoint","urlTemplate":"https:\/\/bytymikulov.cz\/speicher\/?s={search_term_string}"},"query-input":{"@type":"PropertyValueSpecification","valueRequired":true,"valueName":"search_term_string"}}],"inLanguage":"cs"},{"@type":"Organization","@id":"https:\/\/bytymikulov.cz\/speicher\/#organization","name":"BYTY MIKULOV","url":"https:\/\/bytymikulov.cz\/speicher\/","logo":{"@type":"ImageObject","inLanguage":"cs","@id":"https:\/\/bytymikulov.cz\/speicher\/#\/schema\/logo\/image\/","url":"https:\/\/bytymikulov.cz\/speicher\/wp-content\/uploads\/sites\/2\/2025\/05\/FAVICON-gray.webp","contentUrl":"https:\/\/bytymikulov.cz\/speicher\/wp-content\/uploads\/sites\/2\/2025\/05\/FAVICON-gray.webp","width":512,"height":512,"caption":"BYTY MIKULOV"},"image":{"@id":"https:\/\/bytymikulov.cz\/speicher\/#\/schema\/logo\/image\/"}}]}},"_links":{"self":[{"href":"https:\/\/bytymikulov.cz\/speicher\/wp-json\/wp\/v2\/pages\/9","targetHints":{"allow":["GET"]}}],"collection":[{"href":"https:\/\/bytymikulov.cz\/speicher\/wp-json\/wp\/v2\/pages"}],"about":[{"href":"https:\/\/bytymikulov.cz\/speicher\/wp-json\/wp\/v2\/types\/page"}],"author":[{"embeddable":true,"href":"https:\/\/bytymikulov.cz\/speicher\/wp-json\/wp\/v2\/users\/1"}],"replies":[{"embeddable":true,"href":"https:\/\/bytymikulov.cz\/speicher\/wp-json\/wp\/v2\/comments?post=9"}],"version-history":[{"count":100,"href":"https:\/\/bytymikulov.cz\/speicher\/wp-json\/wp\/v2\/pages\/9\/revisions"}],"predecessor-version":[{"id":598,"href":"https:\/\/bytymikulov.cz\/speicher\/wp-json\/wp\/v2\/pages\/9\/revisions\/598"}],"wp:attachment":[{"href":"https:\/\/bytymikulov.cz\/speicher\/wp-json\/wp\/v2\/media?parent=9"}],"curies":[{"name":"wp","href":"https:\/\/api.w.org\/{rel}","templated":true}]}}