{"id":9,"date":"2025-05-19T15:42:43","date_gmt":"2025-05-19T13:42:43","guid":{"rendered":"https:\/\/bytymikulov.cz\/x28\/?page_id=9"},"modified":"2025-10-08T23:53:44","modified_gmt":"2025-10-08T21:53:44","slug":"home","status":"publish","type":"page","link":"https:\/\/bytymikulov.cz\/x28\/en\/","title":{"rendered":"HOME"},"content":{"rendered":"","protected":false},"excerpt":{"rendered":"","protected":false},"author":1,"featured_media":0,"parent":0,"menu_order":0,"comment_status":"closed","ping_status":"closed","template":"","meta":{"_acf_changed":false,"footnotes":""},"class_list":["post-9","page","type-page","status-publish","hentry"],"acf":[],"yoast_head":"<!-- This site is optimized with the Yoast SEO plugin v27.5 - https:\/\/yoast.com\/product\/yoast-seo-wordpress\/ -->\n<title>X28 - vysok\u00fd standard a precizn\u00ed proveden\u00ed<\/title>\n<meta name=\"description\" content=\"Projekt X28 spojuje do jednoho precizn\u00edho celku vysok\u00fd standard kvality proveden\u00ed a architektonicky hodnotn\u00fdm a ocen\u011bn\u00fdm luxusn\u00edm vzhledem.\" \/>\n<meta name=\"robots\" content=\"index, follow, max-snippet:-1, max-image-preview:large, max-video-preview:-1\" \/>\n<link rel=\"canonical\" href=\"https:\/\/bytymikulov.cz\/x28\/en\/\" \/>\n<meta property=\"og:locale\" content=\"en_GB\" \/>\n<meta property=\"og:type\" content=\"article\" \/>\n<meta property=\"og:title\" content=\"X28 - vysok\u00fd standard a precizn\u00ed proveden\u00ed\" \/>\n<meta property=\"og:description\" content=\"Projekt X28 spojuje do jednoho precizn\u00edho celku vysok\u00fd standard kvality proveden\u00ed a architektonicky hodnotn\u00fdm a ocen\u011bn\u00fdm luxusn\u00edm vzhledem.\" \/>\n<meta property=\"og:url\" content=\"https:\/\/bytymikulov.cz\/x28\/en\/\" \/>\n<meta property=\"og:site_name\" content=\"X28\" \/>\n<meta property=\"article:modified_time\" content=\"2025-10-08T21:53:44+00:00\" \/>\n<meta property=\"og:image\" content=\"https:\/\/bytymikulov.cz\/x28\/wp-content\/uploads\/sites\/3\/2025\/05\/FAVICON-white.webp\" \/>\n\t<meta property=\"og:image:width\" content=\"512\" \/>\n\t<meta property=\"og:image:height\" content=\"512\" \/>\n\t<meta property=\"og:image:type\" content=\"image\/webp\" \/>\n<meta name=\"twitter:card\" content=\"summary_large_image\" \/>\n<meta name=\"twitter:label1\" content=\"Estimated reading time\" \/>\n\t<meta name=\"twitter:data1\" content=\"7 minutes\" \/>\n<script type=\"application\/ld+json\" class=\"yoast-schema-graph\">{\"@context\":\"https:\\\/\\\/schema.org\",\"@graph\":[{\"@type\":\"WebPage\",\"@id\":\"https:\\\/\\\/bytymikulov.cz\\\/x28\\\/\",\"url\":\"https:\\\/\\\/bytymikulov.cz\\\/x28\\\/\",\"name\":\"X28 - vysok\u00fd standard a precizn\u00ed proveden\u00ed\",\"isPartOf\":{\"@id\":\"https:\\\/\\\/bytymikulov.cz\\\/x28\\\/#website\"},\"datePublished\":\"2025-05-19T13:42:43+00:00\",\"dateModified\":\"2025-10-08T21:53:44+00:00\",\"description\":\"Projekt X28 spojuje do jednoho precizn\u00edho celku vysok\u00fd standard kvality proveden\u00ed a architektonicky hodnotn\u00fdm a ocen\u011bn\u00fdm luxusn\u00edm vzhledem.\",\"breadcrumb\":{\"@id\":\"https:\\\/\\\/bytymikulov.cz\\\/x28\\\/#breadcrumb\"},\"inLanguage\":\"en-GB\",\"potentialAction\":[{\"@type\":\"ReadAction\",\"target\":[\"https:\\\/\\\/bytymikulov.cz\\\/x28\\\/\"]}]},{\"@type\":\"BreadcrumbList\",\"@id\":\"https:\\\/\\\/bytymikulov.cz\\\/x28\\\/#breadcrumb\",\"itemListElement\":[{\"@type\":\"ListItem\",\"position\":1,\"name\":\"Dom\u016f\",\"item\":\"https:\\\/\\\/bytymikulov.cz\\\/x28\\\/\"},{\"@type\":\"ListItem\",\"position\":2,\"name\":\"HOME\"}]},{\"@type\":\"WebSite\",\"@id\":\"https:\\\/\\\/bytymikulov.cz\\\/x28\\\/#website\",\"url\":\"https:\\\/\\\/bytymikulov.cz\\\/x28\\\/\",\"name\":\"X28\",\"description\":\"rezidence v Mikulov\u011b\",\"publisher\":{\"@id\":\"https:\\\/\\\/bytymikulov.cz\\\/x28\\\/#organization\"},\"potentialAction\":[{\"@type\":\"SearchAction\",\"target\":{\"@type\":\"EntryPoint\",\"urlTemplate\":\"https:\\\/\\\/bytymikulov.cz\\\/x28\\\/?s={search_term_string}\"},\"query-input\":{\"@type\":\"PropertyValueSpecification\",\"valueRequired\":true,\"valueName\":\"search_term_string\"}}],\"inLanguage\":\"en-GB\"},{\"@type\":\"Organization\",\"@id\":\"https:\\\/\\\/bytymikulov.cz\\\/x28\\\/#organization\",\"name\":\"BYTY MIKULOV\",\"url\":\"https:\\\/\\\/bytymikulov.cz\\\/x28\\\/\",\"logo\":{\"@type\":\"ImageObject\",\"inLanguage\":\"en-GB\",\"@id\":\"https:\\\/\\\/bytymikulov.cz\\\/x28\\\/#\\\/schema\\\/logo\\\/image\\\/\",\"url\":\"https:\\\/\\\/bytymikulov.cz\\\/x28\\\/wp-content\\\/uploads\\\/sites\\\/3\\\/2025\\\/05\\\/FAVICON-white.webp\",\"contentUrl\":\"https:\\\/\\\/bytymikulov.cz\\\/x28\\\/wp-content\\\/uploads\\\/sites\\\/3\\\/2025\\\/05\\\/FAVICON-white.webp\",\"width\":512,\"height\":512,\"caption\":\"BYTY MIKULOV\"},\"image\":{\"@id\":\"https:\\\/\\\/bytymikulov.cz\\\/x28\\\/#\\\/schema\\\/logo\\\/image\\\/\"}}]}<\/script>\n<!-- \/ Yoast SEO plugin. -->","yoast_head_json":{"title":"X28 - high standard and precise finish","description":"Projekt X28 spojuje do jednoho precizn\u00edho celku vysok\u00fd standard kvality proveden\u00ed a architektonicky hodnotn\u00fdm a ocen\u011bn\u00fdm luxusn\u00edm vzhledem.","robots":{"index":"index","follow":"follow","max-snippet":"max-snippet:-1","max-image-preview":"max-image-preview:large","max-video-preview":"max-video-preview:-1"},"canonical":"https:\/\/bytymikulov.cz\/x28\/en\/","og_locale":"en_GB","og_type":"article","og_title":"X28 - vysok\u00fd standard a precizn\u00ed proveden\u00ed","og_description":"Projekt X28 spojuje do jednoho precizn\u00edho celku vysok\u00fd standard kvality proveden\u00ed a architektonicky hodnotn\u00fdm a ocen\u011bn\u00fdm luxusn\u00edm vzhledem.","og_url":"https:\/\/bytymikulov.cz\/x28\/en\/","og_site_name":"X28","article_modified_time":"2025-10-08T21:53:44+00:00","og_image":[{"width":512,"height":512,"url":"https:\/\/bytymikulov.cz\/x28\/wp-content\/uploads\/sites\/3\/2025\/05\/FAVICON-white.webp","type":"image\/webp"}],"twitter_card":"summary_large_image","twitter_misc":{"Estimated reading time":"7 minutes"},"schema":{"@context":"https:\/\/schema.org","@graph":[{"@type":"WebPage","@id":"https:\/\/bytymikulov.cz\/x28\/","url":"https:\/\/bytymikulov.cz\/x28\/","name":"X28 - high standard and precise finish","isPartOf":{"@id":"https:\/\/bytymikulov.cz\/x28\/#website"},"datePublished":"2025-05-19T13:42:43+00:00","dateModified":"2025-10-08T21:53:44+00:00","description":"Projekt X28 spojuje do jednoho precizn\u00edho celku vysok\u00fd standard kvality proveden\u00ed a architektonicky hodnotn\u00fdm a ocen\u011bn\u00fdm luxusn\u00edm vzhledem.","breadcrumb":{"@id":"https:\/\/bytymikulov.cz\/x28\/#breadcrumb"},"inLanguage":"en-GB","potentialAction":[{"@type":"ReadAction","target":["https:\/\/bytymikulov.cz\/x28\/"]}]},{"@type":"BreadcrumbList","@id":"https:\/\/bytymikulov.cz\/x28\/#breadcrumb","itemListElement":[{"@type":"ListItem","position":1,"name":"Dom\u016f","item":"https:\/\/bytymikulov.cz\/x28\/"},{"@type":"ListItem","position":2,"name":"HOME"}]},{"@type":"WebSite","@id":"https:\/\/bytymikulov.cz\/x28\/#website","url":"https:\/\/bytymikulov.cz\/x28\/","name":"X28","description":"rezidence v Mikulov\u011b","publisher":{"@id":"https:\/\/bytymikulov.cz\/x28\/#organization"},"potentialAction":[{"@type":"SearchAction","target":{"@type":"EntryPoint","urlTemplate":"https:\/\/bytymikulov.cz\/x28\/?s={search_term_string}"},"query-input":{"@type":"PropertyValueSpecification","valueRequired":true,"valueName":"search_term_string"}}],"inLanguage":"en-GB"},{"@type":"Organization","@id":"https:\/\/bytymikulov.cz\/x28\/#organization","name":"BYTY MIKULOV","url":"https:\/\/bytymikulov.cz\/x28\/","logo":{"@type":"ImageObject","inLanguage":"en-GB","@id":"https:\/\/bytymikulov.cz\/x28\/#\/schema\/logo\/image\/","url":"https:\/\/bytymikulov.cz\/x28\/wp-content\/uploads\/sites\/3\/2025\/05\/FAVICON-white.webp","contentUrl":"https:\/\/bytymikulov.cz\/x28\/wp-content\/uploads\/sites\/3\/2025\/05\/FAVICON-white.webp","width":512,"height":512,"caption":"BYTY MIKULOV"},"image":{"@id":"https:\/\/bytymikulov.cz\/x28\/#\/schema\/logo\/image\/"}}]}},"_links":{"self":[{"href":"https:\/\/bytymikulov.cz\/x28\/en\/wp-json\/wp\/v2\/pages\/9","targetHints":{"allow":["GET"]}}],"collection":[{"href":"https:\/\/bytymikulov.cz\/x28\/en\/wp-json\/wp\/v2\/pages"}],"about":[{"href":"https:\/\/bytymikulov.cz\/x28\/en\/wp-json\/wp\/v2\/types\/page"}],"author":[{"embeddable":true,"href":"https:\/\/bytymikulov.cz\/x28\/en\/wp-json\/wp\/v2\/users\/1"}],"replies":[{"embeddable":true,"href":"https:\/\/bytymikulov.cz\/x28\/en\/wp-json\/wp\/v2\/comments?post=9"}],"version-history":[{"count":100,"href":"https:\/\/bytymikulov.cz\/x28\/en\/wp-json\/wp\/v2\/pages\/9\/revisions"}],"predecessor-version":[{"id":730,"href":"https:\/\/bytymikulov.cz\/x28\/en\/wp-json\/wp\/v2\/pages\/9\/revisions\/730"}],"wp:attachment":[{"href":"https:\/\/bytymikulov.cz\/x28\/en\/wp-json\/wp\/v2\/media?parent=9"}],"curies":[{"name":"wp","href":"https:\/\/api.w.org\/{rel}","templated":true}]}}